{"id":98,"date":"2022-04-17T16:27:34","date_gmt":"2022-04-17T16:27:34","guid":{"rendered":"https:\/\/profmat2022.ese.ips.pt\/?page_id=98"},"modified":"2022-05-23T08:49:31","modified_gmt":"2022-05-23T08:49:31","slug":"submissao-de-comunicacoes-siem","status":"publish","type":"page","link":"https:\/\/profmat2022.ese.ips.pt\/?page_id=98","title":{"rendered":"Submiss\u00e3o de Comunica\u00e7\u00f5es ou Cartazes &#8211; SIEM"},"content":{"rendered":"\n<p>Os participantes no SIEM podem submeter propostas de comunica\u00e7\u00f5es ou cartazes, a serem apresentadas em simp\u00f3sios com discuss\u00e3o. As comunica\u00e7\u00f5es t\u00eam 15 minutos para apresenta\u00e7\u00e3o e os cartazes t\u00eam 5 minutos para apresenta\u00e7\u00e3o. Todos os trabalhos ser\u00e3o sujeitos a revis\u00e3o cient\u00edfica por pares, com base em crit\u00e9rios uniformes indicados pela comiss\u00e3o cient\u00edfica relativos a clareza, estrutura, relev\u00e2ncia e coer\u00eancia da proposta. <br>Os textos das propostas devem seguir rigorosamente as indica\u00e7\u00f5es formais abaixo fornecidas e ser enviadas, <strong>at\u00e9 25 de maio<\/strong>, para <strong>siem2022.apm@gmail.com<\/strong>.<br>A notifica\u00e7\u00e3o de aceita\u00e7\u00e3o \u00e9 realizada pela comiss\u00e3o cient\u00edfica <strong>at\u00e9 1 de junho<\/strong> e a submiss\u00e3o da vers\u00e3o final revista para publica\u00e7\u00e3o em atas deve ser enviada <strong>at\u00e9 22 de junho<\/strong>.<br>As atas do SIEM XXXII ir\u00e3o ser propostas para indexa\u00e7\u00e3o na Web of Science.<br><br><strong>Nota: em casos excecionais as comunica\u00e7\u00f5es poder\u00e3o ser apresentadas a dist\u00e2ncia.<\/strong><\/p>\n\n\n\n<p><strong><mark style=\"background-color:rgba(0, 0, 0, 0)\" class=\"has-inline-color has-luminous-vivid-orange-color\">Comunica\u00e7\u00f5es<\/mark><\/strong><br>As propostas de comunica\u00e7\u00e3o devem inclui dois resumos: um em Portugu\u00eas e o outro em Ingl\u00eas. A extens\u00e3o do texto integral, excluindo os resumos, n\u00e3o deve ultrapassar 30 000 carateres, incluindo espa\u00e7os. O texto da comunica\u00e7\u00e3o ser\u00e1 publicado nas Atas e deve respeitar rigorosamente as normas de formata\u00e7\u00e3o que constam no modelo.<\/p>\n\n\n\n<p><a href=\"https:\/\/profmat2022.ese.ips.pt\/wp-content\/uploads\/2022\/04\/ModeloComunic_SIEM_Setubal2022.docx\">Descarregar modelo de comunica\u00e7\u00e3o<\/a><\/p>\n\n\n\n<hr class=\"wp-block-separator\"\/>\n\n\n\n<p><strong><mark style=\"background-color:rgba(0, 0, 0, 0)\" class=\"has-inline-color has-luminous-vivid-orange-color\">Apresenta\u00e7\u00f5es<\/mark><\/strong><br>Se vai apresentar alguma sess\u00e3o e pretende utilizar um modelo comum, pr\u00f3prio deste SIEM.<\/p>\n\n\n\n<p><a href=\"https:\/\/profmat2022.ese.ips.pt\/wp-content\/uploads\/2022\/04\/Modelo-apresentac\u0327a\u0303o-CO-SIEM.pptx\">Descarregar modelo de apresenta\u00e7\u00e3o<\/a><\/p>\n\n\n\n<hr class=\"wp-block-separator\"\/>\n\n\n\n<p><strong><mark style=\"background-color:rgba(0, 0, 0, 0)\" class=\"has-inline-color has-luminous-vivid-orange-color\">Cartazes<\/mark><\/strong><br>As propostas de cartaz devem ter, no m\u00e1ximo, 6 000 carateres, incluindo espa\u00e7os. O texto da proposta ser\u00e1 publicado nas Atas e deve respeitar rigorosamente as normas de formata\u00e7\u00e3o que constam no modelo.<\/p>\n\n\n\n<p><a href=\"https:\/\/profmat2022.ese.ips.pt\/wp-content\/uploads\/2022\/04\/ModeloCartaz_SIEM_Set.docx\">Descarregar modelo de cartaz<\/a><\/p>\n","protected":false},"excerpt":{"rendered":"<p>Os participantes no SIEM podem submeter propostas de comunica\u00e7\u00f5es ou cartazes, a serem apresentadas em simp\u00f3sios com discuss\u00e3o. As comunica\u00e7\u00f5es t\u00eam 15 minutos para apresenta\u00e7\u00e3o e os cartazes t\u00eam 5 minutos para apresenta\u00e7\u00e3o. Todos os trabalhos ser\u00e3o sujeitos a revis\u00e3o &hellip; <a href=\"https:\/\/profmat2022.ese.ips.pt\/?page_id=98\">Continuar a ler <span class=\"meta-nav\">&rarr;<\/span><\/a><\/p>\n","protected":false},"author":3,"featured_media":0,"parent":0,"menu_order":0,"comment_status":"closed","ping_status":"closed","template":"","meta":{"footnotes":""},"class_list":["post-98","page","type-page","status-publish","hentry"],"_links":{"self":[{"href":"https:\/\/profmat2022.ese.ips.pt\/index.php?rest_route=\/wp\/v2\/pages\/98","targetHints":{"allow":["GET"]}}],"collection":[{"href":"https:\/\/profmat2022.ese.ips.pt\/index.php?rest_route=\/wp\/v2\/pages"}],"about":[{"href":"https:\/\/profmat2022.ese.ips.pt\/index.php?rest_route=\/wp\/v2\/types\/page"}],"author":[{"embeddable":true,"href":"https:\/\/profmat2022.ese.ips.pt\/index.php?rest_route=\/wp\/v2\/users\/3"}],"replies":[{"embeddable":true,"href":"https:\/\/profmat2022.ese.ips.pt\/index.php?rest_route=%2Fwp%2Fv2%2Fcomments&post=98"}],"version-history":[{"count":12,"href":"https:\/\/profmat2022.ese.ips.pt\/index.php?rest_route=\/wp\/v2\/pages\/98\/revisions"}],"predecessor-version":[{"id":363,"href":"https:\/\/profmat2022.ese.ips.pt\/index.php?rest_route=\/wp\/v2\/pages\/98\/revisions\/363"}],"wp:attachment":[{"href":"https:\/\/profmat2022.ese.ips.pt\/index.php?rest_route=%2Fwp%2Fv2%2Fmedia&parent=98"}],"curies":[{"name":"wp","href":"https:\/\/api.w.org\/{rel}","templated":true}]}}