{"id":760,"date":"2022-06-22T08:47:20","date_gmt":"2022-06-22T08:47:20","guid":{"rendered":"https:\/\/profmat2022.ese.ips.pt\/?page_id=760"},"modified":"2022-07-04T21:12:45","modified_gmt":"2022-07-04T21:12:45","slug":"sessoes-especiais-2","status":"publish","type":"page","link":"https:\/\/profmat2022.ese.ips.pt\/?page_id=760","title":{"rendered":"Sess\u00f5es especiais"},"content":{"rendered":"\n<p class=\"has-text-align-center has-black-color has-text-color\" style=\"font-size:14px\"><strong>Dia 8 | 17h30 \u2013 19h00<\/strong><\/p>\n\n\n\n<p class=\"has-text-align-center has-blue-color has-text-color has-medium-font-size\"><strong>Anfiteatro da ESE\/IPS<\/strong><\/p>\n\n\n\n<p class=\"has-text-color has-medium-font-size\" style=\"color:#da6e30\"><strong>SE1    O PROBLEMA DESTE N\u00daMERO J\u00daNIOR \u2013 A NOVA SEC\u00c7\u00c3O DA REVISTA EDUCA\u00c7\u00c3O E MATEM\u00c1TICA<\/strong><\/p>\n\n\n\n<p><strong>Helena Gil Guerreiro<\/strong>, Diretora da Revista<br><strong>Lina Brunheira<\/strong><\/p>\n\n\n\n<div class=\"wp-block-columns is-layout-flex wp-container-core-columns-is-layout-9d6595d7 wp-block-columns-is-layout-flex\">\n<div class=\"wp-block-column is-layout-flow wp-block-column-is-layout-flow\" style=\"flex-basis:33.33%\">\n<p><\/p>\n<\/div>\n\n\n\n<div class=\"wp-block-column is-layout-flow wp-block-column-is-layout-flow\" style=\"flex-basis:66.66%\">\n<p>A revista Educa\u00e7\u00e3o e Matem\u00e1tica tem procurado dar visibilidade aos problemas desde o seu primeiro n\u00famero, muito em particular com a sec\u00e7\u00e3o permanente O problema deste n\u00famero, desde sempre da responsabilidade de Jos\u00e9 Paulo Viana. Com os seus problemas tem desafiado (e vai continuar a desafiar) muitos de n\u00f3s, como ficou patente no artigo Perman\u00eancias, publicado na revista 163. Contudo, estes problemas sempre se destinaram a todos os que gostam de resolver problemas, em particular a professores de matem\u00e1tica e alunos com alguma forma\u00e7\u00e3o matem\u00e1tica, e a Educa\u00e7\u00e3o e Matem\u00e1tica quer agora estender a proposta de bons problemas a crian\u00e7as e jovens mais novos. Nesse sentido, vem a\u00ed a sec\u00e7\u00e3o O problema deste n\u00famero j\u00fanior, da responsabilidade de Paulo Afonso. Venha conhecer esta nova proposta na sess\u00e3o especial da revista!<\/p>\n<\/div>\n<\/div>\n\n\n\n<hr>\n\n\n\n<p class=\"has-text-color has-medium-font-size\" style=\"color:#da6e30\"><strong>SE2    APRESENTA\u00c7\u00c3O DO LIVRO CLUBE DO QUEBRA CACO II<\/strong><\/p>\n\n\n\n<p><strong>Clube do Quebra-Caco<\/strong><\/p>\n\n\n\n<div class=\"wp-block-columns is-layout-flex wp-container-core-columns-is-layout-9d6595d7 wp-block-columns-is-layout-flex\">\n<div class=\"wp-block-column is-layout-flow wp-block-column-is-layout-flow\" style=\"flex-basis:33.33%\"><\/div>\n\n\n\n<div class=\"wp-block-column is-layout-flow wp-block-column-is-layout-flow\" style=\"flex-basis:66.66%\">\n<p>Esta sess\u00e3o especial servir\u00e1 para apresentar o projeto de exercita\u00e7\u00e3o mental denominado O Clube do Quebra Caco, referindo as motiva\u00e7\u00f5es para a sua implementa\u00e7\u00e3o di\u00e1ria na rede social do Facebook, cujo endere\u00e7o eletr\u00f3nico \u00e9 o seguinte: https:\/\/www.facebook.com\/O-Clube-do-Quebra- Caco-2202536483332726\/<br>Destacaremos alguns exemplos dos desafios propostos, valorizando algumas respostas dos seus seguidores, plasmadas no segundo livro publicado agora pela APM. De entre a tipologia diversa de atividades propostas, relevamos as que suscitam mais do que uma solu\u00e7\u00e3o poss\u00edvel, pela riqueza comunicacional que permitem mobilizar entre os diversos participantes deste projeto. De facto, muitas t\u00eam sido as pessoas, de l\u00edngua falante portuguesa que diariamente esperam pelo novo desafio para se poderem pronunciar sobre ele, apresentando resolu\u00e7\u00f5es contendo argumentos matem\u00e1ticos muito v\u00e1lidos!<\/p>\n<\/div>\n<\/div>\n\n\n\n<hr>\n\n\n\n<p class=\"has-text-color has-medium-font-size\" style=\"color:#da6e30\"><strong>SE3    AGENDA 2022\/2023<\/strong><\/p>\n\n\n\n<p><strong>N\u00facleo da APM de Castelo Branco<\/strong><\/p>\n\n\n\n<div class=\"wp-block-columns is-layout-flex wp-container-core-columns-is-layout-9d6595d7 wp-block-columns-is-layout-flex\">\n<div class=\"wp-block-column is-layout-flow wp-block-column-is-layout-flow\" style=\"flex-basis:33.33%\"><\/div>\n\n\n\n<div class=\"wp-block-column is-layout-flow wp-block-column-is-layout-flow\" style=\"flex-basis:66.66%\">\n<p>O que t\u00eam em comum queijos, bordados, instrumentos musicais, poetas, portados quinhentistas, chamin\u00e9s, repuxos, jogos gravados na pedra, azulejos, jardins, penedos, biscoitos, \u2026 e desafios matem\u00e1ticos??? Nesta sess\u00e3o especial poder\u00e3o descobrir o fio condutor dos desafios em quest\u00e3o, os quais nos levar\u00e3o a viajar matematicamente at\u00e9 uma regi\u00e3o de Portugal que vos convidamos a conhecer melhor, ao longo de todo o pr\u00f3ximo ano letivo, no conv\u00edvio di\u00e1rio com esta j\u00e1 nossa conhecida companheira: a Agenda da APM \u201cDia-a-Dia com a Matem\u00e1tica\u201d.<br>(Dura\u00e7\u00e3o: 20 minutos)<\/p>\n<\/div>\n<\/div>\n\n\n\n<hr>\n\n\n\n<p class=\"has-text-align-center\"><strong>Dia 8 | 17h30 \u2013 19h00<\/strong><\/p>\n\n\n\n<p class=\"has-text-align-center has-blue-color has-text-color has-medium-font-size\"><strong>Sala 5<\/strong><\/p>\n\n\n\n<p class=\"has-text-color has-medium-font-size\" style=\"color:#da6e30\"><strong>SE4    Projetos de aprendizagem STEAM com recurso ao ecossistema TI-Nspire CX II-T<\/strong><\/p>\n\n\n\n<p><strong>Eduardo Cunha<\/strong>, Grupo de Trabalho T3 da APM, A E Ant\u00f3nio Correia de Oliveira \u2013 Esposende, eduarcunha@gmail.com<br><strong>Raul Apar\u00edcio<\/strong>, Grupo de Trabalho T3 da APM, A E Ermesinde, prof.raulaparicio@gmail.com<\/p>\n\n\n\n<div class=\"wp-block-columns is-layout-flex wp-container-core-columns-is-layout-9d6595d7 wp-block-columns-is-layout-flex\">\n<div class=\"wp-block-column is-layout-flow wp-block-column-is-layout-flow\" style=\"flex-basis:33.33%\"><\/div>\n\n\n\n<div class=\"wp-block-column is-layout-flow wp-block-column-is-layout-flow\" style=\"flex-basis:66.66%\">\n<p>J\u00e1 n\u00e3o \u00e9 poss\u00edvel imaginar um cidad\u00e3o adaptado \u00e0 realidade do S\u00e9c. XXI se n\u00e3o desenvolver determinadas compet\u00eancias e se n\u00e3o tiver literacia no \u00e2mbito das STEAM. A educa\u00e7\u00e3o tem um papel fulcral nesta prepara\u00e7\u00e3o do cidad\u00e3o do presente e sobretudo do futuro. A Texas Instruments h\u00e1 muito que desenvolve os seus produtos com uma aten\u00e7\u00e3o permanente \u00e0s necessidades educativas e mais uma vez n\u00e3o deixou de o fazer ao conceber o TI Inovator Hub, o TI-Rover (carro rob\u00f3tico) e mais tarde, j\u00e1 com a integra\u00e7\u00e3o da linguagem de programa\u00e7\u00e3o TI-Python e o desenvolvimento de m\u00f3dulos espec\u00edficos, \u00e9 poss\u00edvel programar a placa micro:bit, a Turtle e j\u00e1 n\u00e3o falta muito para surgir o m\u00f3dulo de programa\u00e7\u00e3o para o drone Tello.<br>Nesta sess\u00e3o pretende-se fazer uma breve apresenta\u00e7\u00e3o destes dispositivos e funcionalidades, sugerindo tamb\u00e9m alguma ideias para a sua utiliza\u00e7\u00e3o no \u00e2mbito escolar. A sess\u00e3o terminar\u00e1 com a implementa\u00e7\u00e3o de um poss\u00edvel projeto de trabalho com aprendizagens STEAM, envolvendo toda a tecnologia do ecossistema TI-Nspire CX II-T, inclusive em vers\u00e3o demo a conce\u00e7\u00e3o com o drone Tello.<\/p>\n<\/div>\n<\/div>\n\n\n\n<hr>\n","protected":false},"excerpt":{"rendered":"<p>Dia 8 | 17h30 \u2013 19h00 Anfiteatro da ESE\/IPS SE1 O PROBLEMA DESTE N\u00daMERO J\u00daNIOR \u2013 A NOVA SEC\u00c7\u00c3O DA REVISTA EDUCA\u00c7\u00c3O E MATEM\u00c1TICA Helena Gil Guerreiro, Diretora da RevistaLina Brunheira A revista Educa\u00e7\u00e3o e Matem\u00e1tica tem procurado dar visibilidade &hellip; <a href=\"https:\/\/profmat2022.ese.ips.pt\/?page_id=760\">Continuar a ler <span class=\"meta-nav\">&rarr;<\/span><\/a><\/p>\n","protected":false},"author":3,"featured_media":0,"parent":0,"menu_order":0,"comment_status":"closed","ping_status":"closed","template":"","meta":{"footnotes":""},"class_list":["post-760","page","type-page","status-publish","hentry"],"_links":{"self":[{"href":"https:\/\/profmat2022.ese.ips.pt\/index.php?rest_route=\/wp\/v2\/pages\/760","targetHints":{"allow":["GET"]}}],"collection":[{"href":"https:\/\/profmat2022.ese.ips.pt\/index.php?rest_route=\/wp\/v2\/pages"}],"about":[{"href":"https:\/\/profmat2022.ese.ips.pt\/index.php?rest_route=\/wp\/v2\/types\/page"}],"author":[{"embeddable":true,"href":"https:\/\/profmat2022.ese.ips.pt\/index.php?rest_route=\/wp\/v2\/users\/3"}],"replies":[{"embeddable":true,"href":"https:\/\/profmat2022.ese.ips.pt\/index.php?rest_route=%2Fwp%2Fv2%2Fcomments&post=760"}],"version-history":[{"count":10,"href":"https:\/\/profmat2022.ese.ips.pt\/index.php?rest_route=\/wp\/v2\/pages\/760\/revisions"}],"predecessor-version":[{"id":955,"href":"https:\/\/profmat2022.ese.ips.pt\/index.php?rest_route=\/wp\/v2\/pages\/760\/revisions\/955"}],"wp:attachment":[{"href":"https:\/\/profmat2022.ese.ips.pt\/index.php?rest_route=%2Fwp%2Fv2%2Fmedia&parent=760"}],"curies":[{"name":"wp","href":"https:\/\/api.w.org\/{rel}","templated":true}]}}