{"id":622,"date":"2022-06-13T14:24:28","date_gmt":"2022-06-13T14:24:28","guid":{"rendered":"https:\/\/profmat2022.ese.ips.pt\/?page_id=622"},"modified":"2022-06-29T18:03:40","modified_gmt":"2022-06-29T18:03:40","slug":"espaco-cultural","status":"publish","type":"page","link":"https:\/\/profmat2022.ese.ips.pt\/?page_id=622","title":{"rendered":"Programa cultural"},"content":{"rendered":"\n<p><strong>7 de julho, 17h15, no \u00c1trio da ESE\/IPS<\/strong><\/p>\n\n\n\n<p><strong><mark style=\"background-color:rgba(0, 0, 0, 0)\" class=\"has-inline-color has-blue-color\">Abertura da exposi\u00e7\u00e3o \u201940 ANOS, 40 IMAGENS\u2019<\/mark><\/strong><\/p>\n\n\n\n<div class=\"wp-block-columns is-layout-flex wp-container-core-columns-is-layout-9d6595d7 wp-block-columns-is-layout-flex\">\n<div class=\"wp-block-column is-layout-flow wp-block-column-is-layout-flow\" style=\"flex-basis:50%\">\n<p>Fernando Pinho nasceu e viveu em Set\u00fabal e cedo se habituou a observar e registar os tra\u00e7os das gentes da sua cidade, com recurso \u00e0 fotografia e n\u00e3o s\u00f3. Docente aposentado do Departamento de Artes da Escola Superior de Educa\u00e7\u00e3o do Instituto Polit\u00e9cnico de Set\u00fabal, traz-nos ao ProfMat a exposi\u00e7\u00e3o \u201940 anos, 40 imagens \u2013 figuras t\u00edpicas de Set\u00fabal\u2019. Um retrato do in\u00edcio da d\u00e9cada de 80 sobre profiss\u00f5es e atividades caracter\u00edsticas da regi\u00e3o. Uma forma de recuperar rostos e mem\u00f3rias daquela \u00e9poca.<br><br><br>Moscatel de honra.<\/p>\n<\/div>\n\n\n\n<div class=\"wp-block-column is-layout-flow wp-block-column-is-layout-flow\" style=\"flex-basis:50%\">\n<figure class=\"wp-block-image size-full\"><img loading=\"lazy\" decoding=\"async\" width=\"655\" height=\"402\" src=\"https:\/\/profmat2022.ese.ips.pt\/wp-content\/uploads\/2022\/06\/FPinho.png\" alt=\"\" class=\"wp-image-623\" srcset=\"https:\/\/profmat2022.ese.ips.pt\/wp-content\/uploads\/2022\/06\/FPinho.png 655w, https:\/\/profmat2022.ese.ips.pt\/wp-content\/uploads\/2022\/06\/FPinho-300x184.png 300w, https:\/\/profmat2022.ese.ips.pt\/wp-content\/uploads\/2022\/06\/FPinho-489x300.png 489w\" sizes=\"auto, (max-width: 655px) 100vw, 655px\" \/><figcaption>Fernando Pinho<\/figcaption><\/figure>\n<\/div>\n<\/div>\n\n\n\n<hr class=\"wp-block-separator has-alpha-channel-opacity\"\/>\n\n\n\n<p><strong>8 de julho, 16h45, no Anfiteatro da <strong>ESE\/IPS<\/strong><\/strong><\/p>\n\n\n\n<p><mark style=\"background-color:rgba(0, 0, 0, 0)\" class=\"has-inline-color has-blue-color\"><strong>INTEGRAR A POESIA, DERIVAR UM RECITAL<\/strong><\/mark><\/p>\n\n\n\n<div class=\"wp-block-columns is-layout-flex wp-container-core-columns-is-layout-9d6595d7 wp-block-columns-is-layout-flex\">\n<div class=\"wp-block-column is-layout-flow wp-block-column-is-layout-flow\">\n<p>Um momento cultural da responsabilidade de Ana Martins, Anabela Pereira, Eug\u00e9nia Matias, Jos\u00e9 Caldeira Duarte e Jos\u00e9 Gil, membros do Grupo de Teatro do Polit\u00e9cnico de Set\u00fabal e do coletivo \u2018Gota d\u2019\u00e1gua\u2019. Com os professores de matem\u00e1tica em maioria neste grupo e com este t\u00edtulo, o que poderemos esperar deste momento?<\/p>\n<\/div>\n\n\n\n<div class=\"wp-block-column is-layout-flow wp-block-column-is-layout-flow\">\n<figure class=\"wp-block-image size-large\"><img loading=\"lazy\" decoding=\"async\" width=\"724\" height=\"1024\" src=\"https:\/\/profmat2022.ese.ips.pt\/wp-content\/uploads\/2022\/06\/ProfMat_2022_versao_3_poesia-724x1024.png\" alt=\"\" class=\"wp-image-886\" srcset=\"https:\/\/profmat2022.ese.ips.pt\/wp-content\/uploads\/2022\/06\/ProfMat_2022_versao_3_poesia-724x1024.png 724w, https:\/\/profmat2022.ese.ips.pt\/wp-content\/uploads\/2022\/06\/ProfMat_2022_versao_3_poesia-212x300.png 212w, https:\/\/profmat2022.ese.ips.pt\/wp-content\/uploads\/2022\/06\/ProfMat_2022_versao_3_poesia-768x1086.png 768w, https:\/\/profmat2022.ese.ips.pt\/wp-content\/uploads\/2022\/06\/ProfMat_2022_versao_3_poesia-1086x1536.png 1086w, https:\/\/profmat2022.ese.ips.pt\/wp-content\/uploads\/2022\/06\/ProfMat_2022_versao_3_poesia-1448x2048.png 1448w, https:\/\/profmat2022.ese.ips.pt\/wp-content\/uploads\/2022\/06\/ProfMat_2022_versao_3_poesia.png 1587w\" sizes=\"auto, (max-width: 724px) 100vw, 724px\" \/><figcaption>Cartaz do evento<\/figcaption><\/figure>\n<\/div>\n<\/div>\n\n\n\n<hr class=\"wp-block-separator has-alpha-channel-opacity\"\/>\n\n\n\n<p><strong>8 de julho, 19h00, no Anfiteatro da ESCE\/IPS<\/strong><\/p>\n\n\n\n<p><strong><mark style=\"background-color:rgba(0, 0, 0, 0)\" class=\"has-inline-color has-blue-color\">MOMENTO MUSICAL<\/mark><\/strong><\/p>\n\n\n\n<div class=\"wp-block-columns is-layout-flex wp-container-core-columns-is-layout-9d6595d7 wp-block-columns-is-layout-flex\">\n<div class=\"wp-block-column is-layout-flow wp-block-column-is-layout-flow\">\n<p>Breve viagem pela m\u00fasica portuguesa, desde o Vira, passando pelo Fado e pelo Cante, com Silvie Ornelas na voz, acompanhada por M\u00e1rio Caeiro, no acorde\u00e3o e Fernando An\u00edbal no piano. Dois dos elementos do grupo foram alunos do Curso de M\u00fasica da ESE\/IPS e j\u00e1 estiveram connosco em anteriores edi\u00e7\u00f5es do ProfMat, nomeadamente em Almada (1996) e em Set\u00fabal (2006), ano em que foi gravado e apresentado o CD com o Hino \u2018A APM \u00e9 \u2026 estarmos aqui\u2019. Quem sabe se n\u00e3o seremos chamados a participar?<\/p>\n<\/div>\n\n\n\n<div class=\"wp-block-column is-layout-flow wp-block-column-is-layout-flow\">\n<figure class=\"wp-block-image size-large\"><img loading=\"lazy\" decoding=\"async\" width=\"1024\" height=\"582\" src=\"https:\/\/profmat2022.ese.ips.pt\/wp-content\/uploads\/2022\/06\/grupo_musica_silvie-1024x582.jpg\" alt=\"\" class=\"wp-image-636\" srcset=\"https:\/\/profmat2022.ese.ips.pt\/wp-content\/uploads\/2022\/06\/grupo_musica_silvie-1024x582.jpg 1024w, https:\/\/profmat2022.ese.ips.pt\/wp-content\/uploads\/2022\/06\/grupo_musica_silvie-300x170.jpg 300w, https:\/\/profmat2022.ese.ips.pt\/wp-content\/uploads\/2022\/06\/grupo_musica_silvie-768x436.jpg 768w, https:\/\/profmat2022.ese.ips.pt\/wp-content\/uploads\/2022\/06\/grupo_musica_silvie-500x284.jpg 500w, https:\/\/profmat2022.ese.ips.pt\/wp-content\/uploads\/2022\/06\/grupo_musica_silvie.jpg 1065w\" sizes=\"auto, (max-width: 1024px) 100vw, 1024px\" \/><figcaption>M\u00e1rio Caeiro, Silvie Ornelas e Fernando An\u00edbal<\/figcaption><\/figure>\n<\/div>\n<\/div>\n\n\n\n<hr>\n\n\n\n<p class=\"has-blue-color has-text-color has-medium-font-size\"><strong>Programa Social<\/strong><\/p>\n\n\n\n<p><strong>8 de julho, 20h30, no Refeit\u00f3rio da ESTSetubal\/IPS<\/strong><\/p>\n\n\n\n<p><strong><mark style=\"background-color:rgba(0, 0, 0, 0)\" class=\"has-inline-color has-blue-color\">Jantar do ProfMat 2022<\/mark><\/strong><\/p>\n\n\n\n<div class=\"wp-block-columns is-layout-flex wp-container-core-columns-is-layout-9d6595d7 wp-block-columns-is-layout-flex\">\n<div class=\"wp-block-column is-layout-flow wp-block-column-is-layout-flow\">\n<p>Jantar Buffet composto de<br><br>Wellcome Drink<br>Entradinhas<br>Pratos Quentes<br>Sobremesas<br>e<br>Bebidas <\/p>\n<\/div>\n\n\n\n<div class=\"wp-block-column is-layout-flow wp-block-column-is-layout-flow\">\n<figure class=\"wp-block-image size-large\"><img loading=\"lazy\" decoding=\"async\" width=\"1024\" height=\"683\" src=\"https:\/\/profmat2022.ese.ips.pt\/wp-content\/uploads\/2022\/06\/Refeitorio-1024x683.jpg\" alt=\"\" class=\"wp-image-833\" srcset=\"https:\/\/profmat2022.ese.ips.pt\/wp-content\/uploads\/2022\/06\/Refeitorio-1024x683.jpg 1024w, https:\/\/profmat2022.ese.ips.pt\/wp-content\/uploads\/2022\/06\/Refeitorio-300x200.jpg 300w, https:\/\/profmat2022.ese.ips.pt\/wp-content\/uploads\/2022\/06\/Refeitorio-768x512.jpg 768w, https:\/\/profmat2022.ese.ips.pt\/wp-content\/uploads\/2022\/06\/Refeitorio-450x300.jpg 450w, https:\/\/profmat2022.ese.ips.pt\/wp-content\/uploads\/2022\/06\/Refeitorio.jpg 1106w\" sizes=\"auto, (max-width: 1024px) 100vw, 1024px\" \/><figcaption>Foto de <a href=\"https:\/\/sas.ips.pt\/galeria-de-fotos\" target=\"_blank\" rel=\"noreferrer noopener\">https:\/\/sas.ips.pt\/galeria-de-fotos<\/a><\/figcaption><\/figure>\n<\/div>\n<\/div>\n\n\n\n<hr>\n\n\n\n<p class=\"has-blue-color has-text-color has-medium-font-size\"><strong>Exposi\u00e7\u00f5es permanentes &#8211; ESE\/IPS<\/strong><\/p>\n\n\n<div class=\"wp-block-image\">\n<figure class=\"aligncenter size-full\"><img loading=\"lazy\" decoding=\"async\" width=\"748\" height=\"350\" src=\"https:\/\/profmat2022.ese.ips.pt\/wp-content\/uploads\/2022\/06\/JSS.png\" alt=\"\" class=\"wp-image-825\" srcset=\"https:\/\/profmat2022.ese.ips.pt\/wp-content\/uploads\/2022\/06\/JSS.png 748w, https:\/\/profmat2022.ese.ips.pt\/wp-content\/uploads\/2022\/06\/JSS-300x140.png 300w, https:\/\/profmat2022.ese.ips.pt\/wp-content\/uploads\/2022\/06\/JSS-500x234.png 500w\" sizes=\"auto, (max-width: 748px) 100vw, 748px\" \/><\/figure>\n<\/div>\n\n\n<p class=\"has-text-align-center\"><a href=\"https:\/\/profmat2022.ese.ips.pt\/wp-content\/uploads\/2022\/06\/Sebastiao-e-Silva.pdf\" target=\"_blank\" rel=\"noreferrer noopener\">Mais informa\u00e7\u00e3o<\/a><\/p>\n\n\n<div class=\"wp-block-image\">\n<figure class=\"aligncenter size-full\"><img loading=\"lazy\" decoding=\"async\" width=\"741\" height=\"380\" src=\"https:\/\/profmat2022.ese.ips.pt\/wp-content\/uploads\/2022\/06\/Livros.png\" alt=\"\" class=\"wp-image-827\" srcset=\"https:\/\/profmat2022.ese.ips.pt\/wp-content\/uploads\/2022\/06\/Livros.png 741w, https:\/\/profmat2022.ese.ips.pt\/wp-content\/uploads\/2022\/06\/Livros-300x154.png 300w, https:\/\/profmat2022.ese.ips.pt\/wp-content\/uploads\/2022\/06\/Livros-500x256.png 500w\" sizes=\"auto, (max-width: 741px) 100vw, 741px\" \/><\/figure>\n<\/div>\n\n\n<p class=\"has-text-align-center\"><a href=\"https:\/\/profmat2022.ese.ips.pt\/wp-content\/uploads\/2022\/06\/Livros-de-texto-de-Matema\u0301tica.pdf\" target=\"_blank\" rel=\"noreferrer noopener\">Mais informa\u00e7\u00e3o<\/a><\/p>\n","protected":false},"excerpt":{"rendered":"<p>7 de julho, 17h15, no \u00c1trio da ESE\/IPS Abertura da exposi\u00e7\u00e3o \u201940 ANOS, 40 IMAGENS\u2019 Fernando Pinho nasceu e viveu em Set\u00fabal e cedo se habituou a observar e registar os tra\u00e7os das gentes da sua cidade, com recurso \u00e0 &hellip; <a href=\"https:\/\/profmat2022.ese.ips.pt\/?page_id=622\">Continuar a ler <span class=\"meta-nav\">&rarr;<\/span><\/a><\/p>\n","protected":false},"author":3,"featured_media":0,"parent":0,"menu_order":0,"comment_status":"closed","ping_status":"closed","template":"","meta":{"footnotes":""},"class_list":["post-622","page","type-page","status-publish","hentry"],"_links":{"self":[{"href":"https:\/\/profmat2022.ese.ips.pt\/index.php?rest_route=\/wp\/v2\/pages\/622","targetHints":{"allow":["GET"]}}],"collection":[{"href":"https:\/\/profmat2022.ese.ips.pt\/index.php?rest_route=\/wp\/v2\/pages"}],"about":[{"href":"https:\/\/profmat2022.ese.ips.pt\/index.php?rest_route=\/wp\/v2\/types\/page"}],"author":[{"embeddable":true,"href":"https:\/\/profmat2022.ese.ips.pt\/index.php?rest_route=\/wp\/v2\/users\/3"}],"replies":[{"embeddable":true,"href":"https:\/\/profmat2022.ese.ips.pt\/index.php?rest_route=%2Fwp%2Fv2%2Fcomments&post=622"}],"version-history":[{"count":20,"href":"https:\/\/profmat2022.ese.ips.pt\/index.php?rest_route=\/wp\/v2\/pages\/622\/revisions"}],"predecessor-version":[{"id":887,"href":"https:\/\/profmat2022.ese.ips.pt\/index.php?rest_route=\/wp\/v2\/pages\/622\/revisions\/887"}],"wp:attachment":[{"href":"https:\/\/profmat2022.ese.ips.pt\/index.php?rest_route=%2Fwp%2Fv2%2Fmedia&parent=622"}],"curies":[{"name":"wp","href":"https:\/\/api.w.org\/{rel}","templated":true}]}}