{"id":207,"date":"2022-04-19T11:07:04","date_gmt":"2022-04-19T11:07:04","guid":{"rendered":"https:\/\/profmat2022.ese.ips.pt\/?page_id=207"},"modified":"2022-04-19T11:07:04","modified_gmt":"2022-04-19T11:07:04","slug":"profmat-2022-contactos","status":"publish","type":"page","link":"https:\/\/profmat2022.ese.ips.pt\/?page_id=207","title":{"rendered":"ProfMat 2022 &#8211; Contactos"},"content":{"rendered":"\n<p>As quest\u00f5es relativas ao XXXVII ProfMat devem ser apresentadas por correio eletr\u00f3nico para o endere\u00e7o <strong>profmat2022@ese.ips.pt<\/strong><\/p>\n\n\n\n<hr class=\"wp-block-separator\"\/>\n\n\n\n<p><strong>Endere\u00e7o postal<\/strong><\/p>\n\n\n\n<p>ProfMat 2022<br>Escola Superior de Educa\u00e7\u00e3o<br>Campus do Instituto Polit\u00e9cnico de Set\u00fabal, Estefanilha<br>2914-504 Set\u00fabal<\/p>\n\n\n\n<hr class=\"wp-block-separator\"\/>\n\n\n\n<p><\/p>\n","protected":false},"excerpt":{"rendered":"<p>As quest\u00f5es relativas ao XXXVII ProfMat devem ser apresentadas por correio eletr\u00f3nico para o endere\u00e7o profmat2022@ese.ips.pt Endere\u00e7o postal ProfMat 2022Escola Superior de Educa\u00e7\u00e3oCampus do Instituto Polit\u00e9cnico de Set\u00fabal, Estefanilha2914-504 Set\u00fabal<\/p>\n","protected":false},"author":3,"featured_media":0,"parent":0,"menu_order":0,"comment_status":"closed","ping_status":"closed","template":"","meta":{"footnotes":""},"class_list":["post-207","page","type-page","status-publish","hentry"],"_links":{"self":[{"href":"https:\/\/profmat2022.ese.ips.pt\/index.php?rest_route=\/wp\/v2\/pages\/207","targetHints":{"allow":["GET"]}}],"collection":[{"href":"https:\/\/profmat2022.ese.ips.pt\/index.php?rest_route=\/wp\/v2\/pages"}],"about":[{"href":"https:\/\/profmat2022.ese.ips.pt\/index.php?rest_route=\/wp\/v2\/types\/page"}],"author":[{"embeddable":true,"href":"https:\/\/profmat2022.ese.ips.pt\/index.php?rest_route=\/wp\/v2\/users\/3"}],"replies":[{"embeddable":true,"href":"https:\/\/profmat2022.ese.ips.pt\/index.php?rest_route=%2Fwp%2Fv2%2Fcomments&post=207"}],"version-history":[{"count":1,"href":"https:\/\/profmat2022.ese.ips.pt\/index.php?rest_route=\/wp\/v2\/pages\/207\/revisions"}],"predecessor-version":[{"id":208,"href":"https:\/\/profmat2022.ese.ips.pt\/index.php?rest_route=\/wp\/v2\/pages\/207\/revisions\/208"}],"wp:attachment":[{"href":"https:\/\/profmat2022.ese.ips.pt\/index.php?rest_route=%2Fwp%2Fv2%2Fmedia&parent=207"}],"curies":[{"name":"wp","href":"https:\/\/api.w.org\/{rel}","templated":true}]}}