{"id":166,"date":"2022-04-18T19:43:14","date_gmt":"2022-04-18T19:43:14","guid":{"rendered":"https:\/\/profmat2022.ese.ips.pt\/?page_id=166"},"modified":"2022-06-02T17:36:42","modified_gmt":"2022-06-02T17:36:42","slug":"realizar-a-inscricao","status":"publish","type":"page","link":"https:\/\/profmat2022.ese.ips.pt\/?page_id=166","title":{"rendered":"Inscri\u00e7\u00f5es"},"content":{"rendered":"\n<p id=\"block-a8ca8e6d-f350-4beb-a162-4e1e0094a924\"><br><strong>Prazos e valores<\/strong><\/p>\n\n\n\n<p id=\"block-a8ca8e6d-f350-4beb-a162-4e1e0094a924\">O valor da inscri\u00e7\u00e3o no ProfMat e no SIEM varia em fun\u00e7\u00e3o da data de inscri\u00e7\u00e3o e pagamento.<\/p>\n\n\n\n<p class=\"has-text-align-center has-text-color has-medium-font-size\" style=\"color:#e94e18\"><strong>ProfMat e SIEM 2022<\/strong><br>Primeiro prazo de inscri\u00e7\u00e3o alargado at\u00e9 <strong>10 de junho<\/strong><\/p>\n\n\n\n<figure class=\"wp-block-image size-large\"><img loading=\"lazy\" decoding=\"async\" width=\"1024\" height=\"331\" src=\"https:\/\/profmat2022.ese.ips.pt\/wp-content\/uploads\/2022\/06\/precos-final3-3-1024x331.png\" alt=\"\" class=\"wp-image-430\" srcset=\"https:\/\/profmat2022.ese.ips.pt\/wp-content\/uploads\/2022\/06\/precos-final3-3-1024x331.png 1024w, https:\/\/profmat2022.ese.ips.pt\/wp-content\/uploads\/2022\/06\/precos-final3-3-300x97.png 300w, https:\/\/profmat2022.ese.ips.pt\/wp-content\/uploads\/2022\/06\/precos-final3-3-768x248.png 768w, https:\/\/profmat2022.ese.ips.pt\/wp-content\/uploads\/2022\/06\/precos-final3-3-1536x496.png 1536w, https:\/\/profmat2022.ese.ips.pt\/wp-content\/uploads\/2022\/06\/precos-final3-3-500x162.png 500w, https:\/\/profmat2022.ese.ips.pt\/wp-content\/uploads\/2022\/06\/precos-final3-3.png 1727w\" sizes=\"auto, (max-width: 1024px) 100vw, 1024px\" \/><\/figure>\n\n\n\n<p>\ufeff<\/p>\n\n\n\n<p><strong>Este ano os jantares do ProfMat e SIEM ser\u00e3o em conjunto. A inscri\u00e7\u00e3o no SIEM (em conjunto ou em separado) inclui a participa\u00e7\u00e3o nesse jantar. Para as pessoas que participam apenas no ProfMat, a participa\u00e7\u00e3o no jantar acresce o valor de 15,00\u20ac. Para evitar desperd\u00edcios agradecemos que, quer num caso, quer noutro, indique, no formul\u00e1rio de inscri\u00e7\u00e3o, se pretende ir ao jantar. <\/strong><\/p>\n\n\n\n<p><\/p>\n\n\n\n<p class=\"has-small-font-size\" id=\"block-029b216c-a788-4965-9bb6-e258448ad5de\"><strong>Observa\u00e7\u00f5es:<\/strong><br>(1) Consideram-se estudantes aqueles que est\u00e3o a frequentar licenciaturas ou mestrados que habilita para a doc\u00eancia (obrigat\u00f3rio envio de comprovativo de matr\u00edcula em 2021\/22 para <strong><mark style=\"background-color:rgba(0, 0, 0, 0)\" class=\"has-inline-color has-blue-color\">apmsocio@gmail.com<\/mark><\/strong>), com a quota de 2022 paga; n\u00e3o s\u00e3o considerados nesta modalidade estudantes de mestrado acad\u00e9mico ou doutoramento.<br>(2) A inscri\u00e7\u00e3o de estudante n\u00e3o s\u00f3cio no ProfMat ou ProfMat + SIEM inclui quota de s\u00f3cio estudante APM at\u00e9 31 de dezembro de 2022 (obrigat\u00f3rio envio de comprovativo de matr\u00edcula em 2021\/22 para <strong><mark style=\"background-color:rgba(0, 0, 0, 0)\" class=\"has-inline-color has-blue-color\">apmsocio@gmail.com<\/mark><\/strong>).<br>(3) Inclui jantar do ProfMat, programa cultural e social e acesso \u00e0s sess\u00f5es plen\u00e1rias. N\u00e3o ser\u00e1 emitido certificado.<br>(4) A organiza\u00e7\u00e3o informa que n\u00e3o garante pastas aos participantes que se inscrevam nestas datas.<\/p>\n\n\n\n<hr class=\"wp-block-separator has-alpha-channel-opacity\" id=\"block-a45e32d2-dc12-4e52-ad15-56b07fd8e117\"\/>\n\n\n\n<p id=\"block-7cb959a5-5317-4973-a189-4ef8917217a8\"><strong>Data limite de devolu\u00e7\u00f5es<\/strong><br>At\u00e9 3 de junho as desist\u00eancias s\u00e3o reembolsadas em 50% do valor pago. Ap\u00f3s esta data, n\u00e3o se devolve pagamento de inscri\u00e7\u00f5es.<\/p>\n\n\n\n<p><strong>Forma de pagamento<\/strong><br>O pagamento faz-se por transfer\u00eancia banc\u00e1ria da APM.<br>Conta APM com IBAN: PT50003503250000664993010<\/p>\n\n\n\n<p>A inscri\u00e7\u00e3o s\u00f3 \u00e9 considerada v\u00e1lida ap\u00f3s se ter comprovado o respetivo pagamento.<br>O comprovativo da transfer\u00eancia deve ser enviado para o email&nbsp;<strong><a href=\"mailto:apmsocio@gmail.com\">apmsocio@gmail.com<\/a>&nbsp;<\/strong>at\u00e9 48 horas ap\u00f3s o preenchimento do formul\u00e1rio de inscri\u00e7\u00e3o.<\/p>\n\n\n\n<p><strong>Formul\u00e1rio de inscri\u00e7\u00e3o<\/strong><br>A Inscri\u00e7\u00e3o ser\u00e1 iniciada num formul\u00e1rio que encontrar\u00e1 ap\u00f3s clicar no bot\u00e3o abaixo.<\/p>\n\n\n\n<p><\/p>\n\n\n\n<div class=\"wp-block-buttons is-layout-flex wp-block-buttons-is-layout-flex\">\n<div class=\"wp-block-button\"><a class=\"wp-block-button__link has-blue-background-color has-background\" href=\"https:\/\/docs.google.com\/forms\/d\/e\/1FAIpQLSdWfL0052R5ijHkvW5GsMDKE3kYwYEl0-BHW-heooWbRffWcg\/viewform\" style=\"border-radius:0px\" target=\"_blank\" rel=\"noreferrer noopener\">Iniciar a inscri\u00e7\u00e3o<\/a><\/div>\n<\/div>\n","protected":false},"excerpt":{"rendered":"<p>Prazos e valores O valor da inscri\u00e7\u00e3o no ProfMat e no SIEM varia em fun\u00e7\u00e3o da data de inscri\u00e7\u00e3o e pagamento. ProfMat e SIEM 2022Primeiro prazo de inscri\u00e7\u00e3o alargado at\u00e9 10 de junho \ufeff Este ano os jantares do ProfMat &hellip; <a href=\"https:\/\/profmat2022.ese.ips.pt\/?page_id=166\">Continuar a ler <span class=\"meta-nav\">&rarr;<\/span><\/a><\/p>\n","protected":false},"author":3,"featured_media":0,"parent":0,"menu_order":0,"comment_status":"closed","ping_status":"closed","template":"","meta":{"footnotes":""},"class_list":["post-166","page","type-page","status-publish","hentry"],"_links":{"self":[{"href":"https:\/\/profmat2022.ese.ips.pt\/index.php?rest_route=\/wp\/v2\/pages\/166","targetHints":{"allow":["GET"]}}],"collection":[{"href":"https:\/\/profmat2022.ese.ips.pt\/index.php?rest_route=\/wp\/v2\/pages"}],"about":[{"href":"https:\/\/profmat2022.ese.ips.pt\/index.php?rest_route=\/wp\/v2\/types\/page"}],"author":[{"embeddable":true,"href":"https:\/\/profmat2022.ese.ips.pt\/index.php?rest_route=\/wp\/v2\/users\/3"}],"replies":[{"embeddable":true,"href":"https:\/\/profmat2022.ese.ips.pt\/index.php?rest_route=%2Fwp%2Fv2%2Fcomments&post=166"}],"version-history":[{"count":20,"href":"https:\/\/profmat2022.ese.ips.pt\/index.php?rest_route=\/wp\/v2\/pages\/166\/revisions"}],"predecessor-version":[{"id":431,"href":"https:\/\/profmat2022.ese.ips.pt\/index.php?rest_route=\/wp\/v2\/pages\/166\/revisions\/431"}],"wp:attachment":[{"href":"https:\/\/profmat2022.ese.ips.pt\/index.php?rest_route=%2Fwp%2Fv2%2Fmedia&parent=166"}],"curies":[{"name":"wp","href":"https:\/\/api.w.org\/{rel}","templated":true}]}}