{"id":15,"date":"2022-03-24T16:40:24","date_gmt":"2022-03-24T16:40:24","guid":{"rendered":"https:\/\/profmat2022.ese.ips.pt\/?page_id=15"},"modified":"2022-07-17T10:10:51","modified_gmt":"2022-07-17T10:10:51","slug":"home","status":"publish","type":"page","link":"https:\/\/profmat2022.ese.ips.pt\/","title":{"rendered":"ProfMat e SIEM 2022"},"content":{"rendered":"\n<p class=\"has-background\" style=\"background-color:#c5e7c2\"><strong>Informa\u00e7\u00e3o aos participantes do ProfMat<\/strong><br>Quem cumpriu pelo menos 10h de assiduidade no Curso de Forma\u00e7\u00e3o de 15h \u201c37.\u00ba Encontro Nacional de Professores de Matem\u00e1tica \u2014 ProfMat 2022\u201d deve:<br><br>\u2022 <strong>Preencher <\/strong>o question\u00e1rio de avalia\u00e7\u00e3o atrav\u00e9s do link: <a rel=\"noreferrer noopener\" href=\"https:\/\/forms.gle\/TA8Zkr9m6u2ZpHR5A\" target=\"_blank\">https:\/\/forms.gle\/TA8Zkr9m6u2ZpHR5A<\/a> <strong>at\u00e9 dia 31\/07\/2022<\/strong>;<br><br>\u2022 <strong>Enviar<\/strong>, para o endere\u00e7o de correio eletr\u00f3nico do CFAPM, <strong>centroformacaoapm@gmail.com<\/strong>, o trabalho individual at\u00e9 <strong>31\/07\/2022<\/strong> de acordo com o modelo que se anexa (<a rel=\"noreferrer noopener\" href=\"https:\/\/profmat2022.ese.ips.pt\/wp-content\/uploads\/2022\/07\/TrabIndividual_NomeDoDocente_grupo_ProfMat22.docx\" target=\"_blank\">clique aqui para descarregar<\/a>). O envio do relat\u00f3rio at\u00e9 \u00e0 data indicada \u00e9 da exclusiva responsabilidade do formando, <strong>n\u00e3o sendo aceites relat\u00f3rios entregues depois de 31\/07\/2022<\/strong>.<\/p>\n\n\n\n<p class=\"has-blue-color has-text-color\" style=\"font-size:18px\"><strong>O \u201c37.\u00ba Encontro Nacional de Professores de Matem\u00e1tica \u2014 ProfMat 2022\u201d \u00e9 um curso de forma\u00e7\u00e3o de 15 horas acreditado pelo CCPFC para os grupos 110, 230 e 500 (CCPFC\/ACC- 115917\/22) na dimens\u00e3o cient\u00edfica e pedag\u00f3gica.<\/strong><\/p>\n\n\n\n<p>A contabiliza\u00e7\u00e3o da assiduidade \u00e9 feita por sess\u00e3o\/confer\u00eancia no per\u00edodo da manh\u00e3 ou da tarde em cada um dos dias do encontro, atrav\u00e9s da assinatura da folha de registo de presen\u00e7as. A folha apenas pode ser assinada no decorrer da sess\u00e3o\/confer\u00eancia, cabendo ao formando a responsabilidade de assinar e confirmar a respetiva folha.<br><br><a rel=\"noreferrer noopener\" href=\"https:\/\/profmat2022.ese.ips.pt\/wp-content\/uploads\/2022\/06\/Curso_formac\u0327a\u0303o_ProfMat2022.pdf\" target=\"_blank\">Mais informa\u00e7\u00e3o<\/a><\/p>\n\n\n\n<hr>\n\n\n\n<p class=\"has-text-align-center has-medium-font-size\">J\u00e1 dispon\u00edvel<br><strong><a rel=\"noreferrer noopener\" href=\"https:\/\/profmat2022.ese.ips.pt\/profmat2022.pdf\" target=\"_blank\">Programa e Livro de Resumos<\/a><\/strong><\/p>\n\n\n\n<div class=\"wp-block-columns is-layout-flex wp-container-core-columns-is-layout-9d6595d7 wp-block-columns-is-layout-flex\">\n<div class=\"wp-block-column is-layout-flow wp-block-column-is-layout-flow\" style=\"flex-basis:50%\"><div class=\"wp-block-image\">\n<figure class=\"alignright size-full is-resized\"><a href=\"https:\/\/profmat2022.ese.ips.pt\/profmat2022.pdf\" target=\"_blank\" rel=\"noreferrer noopener\"><img loading=\"lazy\" decoding=\"async\" src=\"https:\/\/profmat2022.ese.ips.pt\/wp-content\/uploads\/2022\/07\/Capa-LR.png\" alt=\"\" class=\"wp-image-997\" width=\"223\" height=\"316\" srcset=\"https:\/\/profmat2022.ese.ips.pt\/wp-content\/uploads\/2022\/07\/Capa-LR.png 297w, https:\/\/profmat2022.ese.ips.pt\/wp-content\/uploads\/2022\/07\/Capa-LR-212x300.png 212w\" sizes=\"auto, (max-width: 223px) 100vw, 223px\" \/><\/a><\/figure>\n<\/div><\/div>\n\n\n\n<div class=\"wp-block-column is-layout-flow wp-block-column-is-layout-flow\" style=\"flex-basis:50%\"><div class=\"wp-block-image\">\n<figure class=\"alignleft size-full is-resized\"><img loading=\"lazy\" decoding=\"async\" src=\"https:\/\/profmat2022.ese.ips.pt\/wp-content\/uploads\/2022\/07\/QR-Profmat2022.png\" alt=\"\" class=\"wp-image-1010\" width=\"225\" height=\"225\" srcset=\"https:\/\/profmat2022.ese.ips.pt\/wp-content\/uploads\/2022\/07\/QR-Profmat2022.png 300w, https:\/\/profmat2022.ese.ips.pt\/wp-content\/uploads\/2022\/07\/QR-Profmat2022-150x150.png 150w\" sizes=\"auto, (max-width: 225px) 100vw, 225px\" \/><\/figure>\n<\/div><\/div>\n<\/div>\n\n\n\n<p class=\"has-text-align-center\"><a href=\"https:\/\/profmat2022.ese.ips.pt\/profmat2022.pdf\" target=\"_blank\" rel=\"noreferrer noopener\">Descarregar o ebook do ProfMat 2022 <\/a><\/p>\n\n\n\n<hr>\n\n\n\n<p>O XXXVII ProfMat, encontro anual de \u00e2mbito nacional de Professores de Matem\u00e1tica, regressa \u00e0 cidade de Set\u00fabal, depois de por aqui j\u00e1 ter passado em 2006. Nesse ano, juntaram-se na cidade rainha do Sado mais de 900 participantes para apresentar, discutir e partilhar experi\u00eancias, reflex\u00f5es e desafios relacionados com o ensino e a aprendizagem da matem\u00e1tica de todos os n\u00edveis de ensino.<\/p>\n\n\n\n<p>Este ano, nos dias <strong>7, 8 e 9 de julho de 2022<\/strong>, ir\u00e1 realizar-se, mais uma vez, no Instituto Polit\u00e9cnico de Set\u00fabal, o XXXVII ProfMat.<\/p>\n\n\n\n<p>O SIEM \u00e9 um semin\u00e1rio promovido anualmente pelo Grupo de Trabalho de Investiga\u00e7\u00e3o (GTI) da Associa\u00e7\u00e3o de Professores de Matem\u00e1tica, que convida, em cada edi\u00e7\u00e3o, uma comiss\u00e3o para organizar o evento. Este, tem como prop\u00f3sito a divulga\u00e7\u00e3o, partilha e discuss\u00e3o da investiga\u00e7\u00e3o em educa\u00e7\u00e3o matem\u00e1tica, em particular a que se realiza em Portugal, favorecendo a articula\u00e7\u00e3o entre a investiga\u00e7\u00e3o e as pr\u00e1ticas de ensino da Matem\u00e1tica e o di\u00e1logo entre professores e investigadores.<\/p>\n\n\n\n<p>O programa do XXXII SIEM incluir\u00e1 cinco sess\u00f5es em plen\u00e1rio \u2014 uma mesa redonda, um painel, duas confer\u00eancias, e o Espa\u00e7o GTI. Haver\u00e1 ainda espa\u00e7o para simp\u00f3sios de apresenta\u00e7\u00e3o e discuss\u00e3o de comunica\u00e7\u00f5es e posters.<\/p>\n\n\n\n<p>O XXXII SIEM realizar-se-\u00e1 nos dias <strong>8 e 9 de julho de 2022<\/strong>, no Instituto Polit\u00e9cnico de Set\u00fabal.<\/p>\n\n\n\n<p class=\"has-text-align-center has-text-color has-medium-font-size\" style=\"color:#e94e18\"><strong>ProfMat e SIEM 2022<\/strong><br>Primeiro prazo de inscri\u00e7\u00e3o alargado at\u00e9 <strong>10 de junho<\/strong><\/p>\n\n\n<div class=\"wp-block-image\">\n<figure class=\"aligncenter size-full is-resized\"><img loading=\"lazy\" decoding=\"async\" src=\"https:\/\/profmat2022.ese.ips.pt\/wp-content\/uploads\/2022\/07\/CartazA4_ProfMat_04_07.png\" alt=\"\" class=\"wp-image-965\" width=\"276\" height=\"396\"\/><\/figure>\n<\/div>\n\n\n<p class=\"has-text-align-center\"><a href=\"https:\/\/profmat2022.ese.ips.pt\/wp-content\/uploads\/2022\/07\/cartazA4_ProfMat_04_07.pdf\" target=\"_blank\" rel=\"noreferrer noopener\">Descarregar o cartaz<\/a><\/p>\n\n\n\n<p><strong>Organiza\u00e7\u00e3o<\/strong><br>O ProfMat e o SIEM s\u00e3o organizados pela Associa\u00e7\u00e3o de Professores de Matem\u00e1tica em colabora\u00e7\u00e3o com a Escola Superior de Educa\u00e7\u00e3o do Instituto Polit\u00e9cnico de Set\u00fabal.<\/p>\n\n\n\n<p><\/p>\n","protected":false},"excerpt":{"rendered":"<p>Informa\u00e7\u00e3o aos participantes do ProfMatQuem cumpriu pelo menos 10h de assiduidade no Curso de Forma\u00e7\u00e3o de 15h \u201c37.\u00ba Encontro Nacional de Professores de Matem\u00e1tica \u2014 ProfMat 2022\u201d deve: \u2022 Preencher o question\u00e1rio de avalia\u00e7\u00e3o atrav\u00e9s do link: https:\/\/forms.gle\/TA8Zkr9m6u2ZpHR5A at\u00e9 dia &hellip; <a href=\"https:\/\/profmat2022.ese.ips.pt\/\">Continuar a ler <span class=\"meta-nav\">&rarr;<\/span><\/a><\/p>\n","protected":false},"author":1,"featured_media":0,"parent":0,"menu_order":0,"comment_status":"closed","ping_status":"closed","template":"","meta":{"footnotes":""},"class_list":["post-15","page","type-page","status-publish","hentry"],"_links":{"self":[{"href":"https:\/\/profmat2022.ese.ips.pt\/index.php?rest_route=\/wp\/v2\/pages\/15","targetHints":{"allow":["GET"]}}],"collection":[{"href":"https:\/\/profmat2022.ese.ips.pt\/index.php?rest_route=\/wp\/v2\/pages"}],"about":[{"href":"https:\/\/profmat2022.ese.ips.pt\/index.php?rest_route=\/wp\/v2\/types\/page"}],"author":[{"embeddable":true,"href":"https:\/\/profmat2022.ese.ips.pt\/index.php?rest_route=\/wp\/v2\/users\/1"}],"replies":[{"embeddable":true,"href":"https:\/\/profmat2022.ese.ips.pt\/index.php?rest_route=%2Fwp%2Fv2%2Fcomments&post=15"}],"version-history":[{"count":44,"href":"https:\/\/profmat2022.ese.ips.pt\/index.php?rest_route=\/wp\/v2\/pages\/15\/revisions"}],"predecessor-version":[{"id":1024,"href":"https:\/\/profmat2022.ese.ips.pt\/index.php?rest_route=\/wp\/v2\/pages\/15\/revisions\/1024"}],"wp:attachment":[{"href":"https:\/\/profmat2022.ese.ips.pt\/index.php?rest_route=%2Fwp%2Fv2%2Fmedia&parent=15"}],"curies":[{"name":"wp","href":"https:\/\/api.w.org\/{rel}","templated":true}]}}