{"id":139,"date":"2022-04-18T16:12:49","date_gmt":"2022-04-18T16:12:49","guid":{"rendered":"https:\/\/profmat2022.ese.ips.pt\/?page_id=139"},"modified":"2022-04-19T10:14:52","modified_gmt":"2022-04-19T10:14:52","slug":"apresentacao","status":"publish","type":"page","link":"https:\/\/profmat2022.ese.ips.pt\/?page_id=139","title":{"rendered":"XXXII SIEM"},"content":{"rendered":"\n<p>O Semin\u00e1rio de Investiga\u00e7\u00e3o em Educa\u00e7\u00e3o Matem\u00e1tica (SIEM), regressa \u00e0 cidade de Set\u00fabal, na sua trig\u00e9sima segunda edi\u00e7\u00e3o, depois de j\u00e1 ter passado por aqui em 2006. Conforme tem vindo a acontecer nos \u00faltimos anos, ter\u00e1 sess\u00f5es comuns com o ProfMat.<br><br>O SIEM \u00e9 um semin\u00e1rio promovido anualmente pelo Grupo de Trabalho de Investiga\u00e7\u00e3o (GTI) da Associa\u00e7\u00e3o de Professores de Matem\u00e1tica, que convida, em cada edi\u00e7\u00e3o, uma comiss\u00e3o para organizar o evento. Este, tem como prop\u00f3sito a divulga\u00e7\u00e3o, partilha e discuss\u00e3o da investiga\u00e7\u00e3o em educa\u00e7\u00e3o matem\u00e1tica, em particular a que se realiza em Portugal, favorecendo a articula\u00e7\u00e3o entre a investiga\u00e7\u00e3o e as pr\u00e1ticas de ensino da Matem\u00e1tica e o di\u00e1logo entre professores e investigadores.<br><br>O programa do XXXII SIEM incluir\u00e1 cinco sess\u00f5es em plen\u00e1rio \u2014 uma mesa redonda, um painel, duas confer\u00eancias, e o Espa\u00e7o GTI. Haver\u00e1 ainda espa\u00e7o para simp\u00f3sios de apresenta\u00e7\u00e3o e discuss\u00e3o de comunica\u00e7\u00f5es e posters.<br><br>O SIEM constitui assim, uma importante oportunidade de encontro, cruzamento e intera\u00e7\u00e3o entre professores e investigadores. Oportunidade que se pretende enriquecedora e mutuamente frutuosa, entre pares que partilham o interesse comum de contribuir para a melhoria das aprendizagens matem\u00e1ticas dos alunos.<br><br>Com a participa\u00e7\u00e3o de todos, o XXXII SIEM vai valer a pena.<br><br><br>Esperamos por v\u00f3s!<\/p>\n","protected":false},"excerpt":{"rendered":"<p>O Semin\u00e1rio de Investiga\u00e7\u00e3o em Educa\u00e7\u00e3o Matem\u00e1tica (SIEM), regressa \u00e0 cidade de Set\u00fabal, na sua trig\u00e9sima segunda edi\u00e7\u00e3o, depois de j\u00e1 ter passado por aqui em 2006. Conforme tem vindo a acontecer nos \u00faltimos anos, ter\u00e1 sess\u00f5es comuns com o &hellip; <a href=\"https:\/\/profmat2022.ese.ips.pt\/?page_id=139\">Continuar a ler <span class=\"meta-nav\">&rarr;<\/span><\/a><\/p>\n","protected":false},"author":3,"featured_media":0,"parent":0,"menu_order":0,"comment_status":"closed","ping_status":"closed","template":"","meta":{"footnotes":""},"class_list":["post-139","page","type-page","status-publish","hentry"],"_links":{"self":[{"href":"https:\/\/profmat2022.ese.ips.pt\/index.php?rest_route=\/wp\/v2\/pages\/139","targetHints":{"allow":["GET"]}}],"collection":[{"href":"https:\/\/profmat2022.ese.ips.pt\/index.php?rest_route=\/wp\/v2\/pages"}],"about":[{"href":"https:\/\/profmat2022.ese.ips.pt\/index.php?rest_route=\/wp\/v2\/types\/page"}],"author":[{"embeddable":true,"href":"https:\/\/profmat2022.ese.ips.pt\/index.php?rest_route=\/wp\/v2\/users\/3"}],"replies":[{"embeddable":true,"href":"https:\/\/profmat2022.ese.ips.pt\/index.php?rest_route=%2Fwp%2Fv2%2Fcomments&post=139"}],"version-history":[{"count":3,"href":"https:\/\/profmat2022.ese.ips.pt\/index.php?rest_route=\/wp\/v2\/pages\/139\/revisions"}],"predecessor-version":[{"id":193,"href":"https:\/\/profmat2022.ese.ips.pt\/index.php?rest_route=\/wp\/v2\/pages\/139\/revisions\/193"}],"wp:attachment":[{"href":"https:\/\/profmat2022.ese.ips.pt\/index.php?rest_route=%2Fwp%2Fv2%2Fmedia&parent=139"}],"curies":[{"name":"wp","href":"https:\/\/api.w.org\/{rel}","templated":true}]}}